{"id":450,"date":"2024-08-05T18:41:52","date_gmt":"2024-08-05T18:41:52","guid":{"rendered":"https:\/\/prodetailingspain.com\/?page_id=450"},"modified":"2024-08-13T18:50:06","modified_gmt":"2024-08-13T18:50:06","slug":"limpieza-de-tapiceria","status":"publish","type":"page","link":"https:\/\/prodetailingspain.com\/?page_id=450","title":{"rendered":"LIMPIEZA DE TAPICER\u00cdA"},"content":{"rendered":"<p>[et_pb_section fb_built=\u00bb1&#8243; admin_label=\u00bbHeader\u00bb _builder_version=\u00bb4.25.1&#8243; use_background_color_gradient=\u00bbon\u00bb background_image=\u00bbhttps:\/\/prodetailingspain.com\/wp-content\/uploads\/2024\/08\/tapiceria-HD.jpg\u00bb parallax=\u00bbon\u00bb background_blend=\u00bbdarken\u00bb min_height=\u00bb476.9px\u00bb custom_margin=\u00bb||65px|||\u00bb custom_padding=\u00bb5vw||148px||false|false\u00bb bottom_divider_style=\u00bbarrow2&#8243; bottom_divider_color=\u00bb#0ef4e1&#8243; locked=\u00bboff\u00bb global_colors_info=\u00bb{}\u00bb][et_pb_row column_structure=\u00bb3_5,2_5&#8243; _builder_version=\u00bb4.16&#8243; global_colors_info=\u00bb{}\u00bb][et_pb_column type=\u00bb3_5&#8243; _builder_version=\u00bb4.16&#8243; global_colors_info=\u00bb{}\u00bb][et_pb_text _builder_version=\u00bb4.25.1&#8243; text_font_size=\u00bb16px\u00bb text_line_height=\u00bb1.8em\u00bb header_font=\u00bbKanit|700|||||||\u00bb header_text_color=\u00bb#FFFFFF\u00bb header_font_size=\u00bb80px\u00bb max_width=\u00bb550px\u00bb header_font_size_tablet=\u00bb60px\u00bb header_font_size_phone=\u00bb42px\u00bb header_font_size_last_edited=\u00bbon|phone\u00bb header_text_shadow_style=\u00bbpreset2&#8243; locked=\u00bboff\u00bb global_colors_info=\u00bb{}\u00bb]<\/p>\n<h1>Limpieza de Tapicer\u00eda<\/h1>\n<p>[\/et_pb_text][et_pb_divider color=\u00bb#0ffcf0&#8243; _builder_version=\u00bb4.25.1&#8243; _module_preset=\u00bbdefault\u00bb global_colors_info=\u00bb{}\u00bb][\/et_pb_divider][\/et_pb_column][et_pb_column type=\u00bb2_5&#8243; _builder_version=\u00bb4.16&#8243; global_colors_info=\u00bb{}\u00bb][et_pb_button button_url=\u00bbhttps:\/\/web.whatsapp.com\/send?phone=604984884&#038;text=Pregunta%20sin%20compromiso%20y%20consigue%20tu%20cita%20previa\u00bb button_text=\u00bbCITA PREVIA\u00bb button_alignment=\u00bbcenter\u00bb _builder_version=\u00bb4.25.1&#8243; button_text_color=\u00bb#000000&#8243; button_bg_color=\u00bb#0eefeb\u00bb button_border_color=\u00bbrgba(0,0,0,0)\u00bb button_border_radius=\u00bb62px\u00bb button_font=\u00bbKanit|700|||||||\u00bb button_use_icon=\u00bboff\u00bb background_layout=\u00bbdark\u00bb custom_margin=\u00bb70px||||false|false\u00bb custom_padding=\u00bb15px|40px|15px|40px|true|true\u00bb locked=\u00bboff\u00bb global_colors_info=\u00bb{}\u00bb transform_styles__hover_enabled=\u00bbon|hover\u00bb transform_scale__hover_enabled=\u00bbon|hover\u00bb transform_translate__hover_enabled=\u00bbon|desktop\u00bb transform_rotate__hover_enabled=\u00bbon|desktop\u00bb transform_skew__hover_enabled=\u00bbon|desktop\u00bb transform_origin__hover_enabled=\u00bbon|desktop\u00bb transform_scale__hover=\u00bb110%|110%\u00bb][\/et_pb_button][\/et_pb_column][\/et_pb_row][\/et_pb_section][et_pb_section fb_built=\u00bb1&#8243; admin_label=\u00bbHow It Works\u00bb _builder_version=\u00bb4.16&#8243; custom_margin=\u00bb-66px|||||\u00bb global_colors_info=\u00bb{}\u00bb][et_pb_row _builder_version=\u00bb4.16&#8243; global_colors_info=\u00bb{}\u00bb][et_pb_column type=\u00bb4_4&#8243; _builder_version=\u00bb4.16&#8243; global_colors_info=\u00bb{}\u00bb][et_pb_text _builder_version=\u00bb4.16&#8243; header_2_font=\u00bbKanit|700|||||||\u00bb header_2_text_align=\u00bbcenter\u00bb header_2_font_size=\u00bb48px\u00bb header_2_line_height=\u00bb1.2em\u00bb module_alignment=\u00bbcenter\u00bb header_2_font_size_tablet=\u00bb\u00bb header_2_font_size_phone=\u00bb30px\u00bb header_2_font_size_last_edited=\u00bbon|phone\u00bb locked=\u00bboff\u00bb global_colors_info=\u00bb{}\u00bb]<\/p>\n<h2>Paso a Paso<\/h2>\n<p>[\/et_pb_text][\/et_pb_column][\/et_pb_row][et_pb_row column_structure=\u00bb1_4,3_4&#8243; _builder_version=\u00bb4.25.1&#8243; custom_padding=\u00bb|30px||30px|false|true\u00bb scroll_horizontal_motion_enable=\u00bbon\u00bb scroll_horizontal_motion=\u00bb0|50|50|100|1|0|0&#8243; global_colors_info=\u00bb{}\u00bb][et_pb_column type=\u00bb1_4&#8243; _builder_version=\u00bb4.25.1&#8243; global_colors_info=\u00bb{}\u00bb][et_pb_text _builder_version=\u00bb4.25.1&#8243; header_font=\u00bbKanit||||||||\u00bb header_text_color=\u00bb#0ef4f0&#8243; header_3_font=\u00bbKanit|700|||||||\u00bb header_3_text_color=\u00bb#00f4d0&#8243; header_3_font_size=\u00bb48px\u00bb header_3_line_height=\u00bb1.2em\u00bb header_3_font_size_tablet=\u00bb\u00bb header_3_font_size_phone=\u00bb30px\u00bb header_3_font_size_last_edited=\u00bbon|phone\u00bb global_colors_info=\u00bb{}\u00bb]<\/p>\n<h3>Paso 1<\/h3>\n<p>[\/et_pb_text][\/et_pb_column][et_pb_column type=\u00bb3_4&#8243; _builder_version=\u00bb4.25.1&#8243; global_colors_info=\u00bb{}\u00bb][et_pb_text _builder_version=\u00bb4.25.1&#8243; text_font_size=\u00bb16px\u00bb text_line_height=\u00bb1.8em\u00bb custom_padding=\u00bb||||false|false\u00bb locked=\u00bboff\u00bb global_colors_info=\u00bb{}\u00bb]<\/p>\n<p><strong>Aspirado Profundo:<\/strong> Iniciamos el proceso con un aspirado profundo de toda la tapicer\u00eda, incluyendo asientos, alfombras y zonas de dif\u00edcil acceso. Este paso es crucial para eliminar polvo, tierra y otros residuos superficiales, preparando la superficie para una limpieza m\u00e1s intensiva.<\/p>\n<p>[\/et_pb_text][\/et_pb_column][\/et_pb_row][et_pb_row column_structure=\u00bb1_4,3_4&#8243; _builder_version=\u00bb4.16&#8243; background_color=\u00bbrgba(0,0,0,0.03)\u00bb custom_padding=\u00bb|30px||30px|false|true\u00bb scroll_horizontal_motion_enable=\u00bbon\u00bb scroll_horizontal_motion=\u00bb0|50|50|100|1|0|0&#8243; global_colors_info=\u00bb{}\u00bb][et_pb_column type=\u00bb1_4&#8243; _builder_version=\u00bb4.16&#8243; global_colors_info=\u00bb{}\u00bb][et_pb_text _builder_version=\u00bb4.25.1&#8243; header_3_font=\u00bbKanit|700|||||||\u00bb header_3_text_color=\u00bb#00f4d0&#8243; header_3_font_size=\u00bb48px\u00bb header_3_line_height=\u00bb1.2em\u00bb header_3_font_size_tablet=\u00bb\u00bb header_3_font_size_phone=\u00bb30px\u00bb header_3_font_size_last_edited=\u00bbon|phone\u00bb global_colors_info=\u00bb{}\u00bb]<\/p>\n<h3>Paso 2<\/h3>\n<p>[\/et_pb_text][\/et_pb_column][et_pb_column type=\u00bb3_4&#8243; _builder_version=\u00bb4.16&#8243; global_colors_info=\u00bb{}\u00bb][et_pb_text _builder_version=\u00bb4.25.1&#8243; text_font_size=\u00bb16px\u00bb text_line_height=\u00bb1.8em\u00bb custom_padding=\u00bb||||false|false\u00bb locked=\u00bboff\u00bb global_colors_info=\u00bb{}\u00bb]<\/p>\n<p><strong>Tratamiento de Manchas:<\/strong> Aplicamos productos espec\u00edficos para el tratamiento de manchas, adaptados al tipo de material de la tapicer\u00eda (cuero, tela, vinilo). Estos productos est\u00e1n dise\u00f1ados para disolver y eliminar manchas sin da\u00f1ar el material, garantizando una limpieza efectiva y segura.<\/p>\n<p>[\/et_pb_text][\/et_pb_column][\/et_pb_row][et_pb_row column_structure=\u00bb1_4,3_4&#8243; _builder_version=\u00bb4.16&#8243; custom_padding=\u00bb|30px||30px|false|true\u00bb scroll_horizontal_motion_enable=\u00bbon\u00bb scroll_horizontal_motion=\u00bb0|50|50|100|1|0|0&#8243; global_colors_info=\u00bb{}\u00bb][et_pb_column type=\u00bb1_4&#8243; _builder_version=\u00bb4.16&#8243; global_colors_info=\u00bb{}\u00bb][et_pb_text _builder_version=\u00bb4.25.1&#8243; header_3_font=\u00bbKanit|700|||||||\u00bb header_3_text_color=\u00bb#00f4d0&#8243; header_3_font_size=\u00bb48px\u00bb header_3_line_height=\u00bb1.2em\u00bb header_3_font_size_tablet=\u00bb\u00bb header_3_font_size_phone=\u00bb30px\u00bb header_3_font_size_last_edited=\u00bbon|phone\u00bb global_colors_info=\u00bb{}\u00bb]<\/p>\n<h3>Paso 3<\/h3>\n<p>[\/et_pb_text][\/et_pb_column][et_pb_column type=\u00bb3_4&#8243; _builder_version=\u00bb4.16&#8243; global_colors_info=\u00bb{}\u00bb][et_pb_text _builder_version=\u00bb4.25.1&#8243; text_font_size=\u00bb16px\u00bb text_line_height=\u00bb1.8em\u00bb custom_padding=\u00bb||||false|false\u00bb locked=\u00bboff\u00bb global_colors_info=\u00bb{}\u00bb]<\/p>\n<p><strong>Limpieza con Vapor o Espuma:<\/strong> Dependiendo del tipo de tapicer\u00eda, utilizamos limpieza con vapor o con espuma. La limpieza con vapor es ideal para desinfectar y limpiar sin saturar los tejidos, mientras que la espuma se utiliza para una limpieza profunda en telas y materiales m\u00e1s absorbentes.<\/p>\n<p>[\/et_pb_text][\/et_pb_column][\/et_pb_row][et_pb_row column_structure=\u00bb1_4,3_4&#8243; _builder_version=\u00bb4.16&#8243; background_color=\u00bbrgba(0,0,0,0.03)\u00bb custom_padding=\u00bb|30px||30px|false|true\u00bb scroll_horizontal_motion_enable=\u00bbon\u00bb scroll_horizontal_motion=\u00bb0|50|50|100|1|0|0&#8243; global_colors_info=\u00bb{}\u00bb][et_pb_column type=\u00bb1_4&#8243; _builder_version=\u00bb4.16&#8243; global_colors_info=\u00bb{}\u00bb][et_pb_text _builder_version=\u00bb4.25.1&#8243; header_3_font=\u00bbKanit|700|||||||\u00bb header_3_text_color=\u00bb#00f4d0&#8243; header_3_font_size=\u00bb48px\u00bb header_3_line_height=\u00bb1.2em\u00bb header_3_font_size_tablet=\u00bb\u00bb header_3_font_size_phone=\u00bb30px\u00bb header_3_font_size_last_edited=\u00bbon|phone\u00bb global_colors_info=\u00bb{}\u00bb]<\/p>\n<h3>Paso 4<\/h3>\n<p>[\/et_pb_text][\/et_pb_column][et_pb_column type=\u00bb3_4&#8243; _builder_version=\u00bb4.16&#8243; global_colors_info=\u00bb{}\u00bb][et_pb_text _builder_version=\u00bb4.25.1&#8243; text_font_size=\u00bb16px\u00bb text_line_height=\u00bb1.8em\u00bb custom_padding=\u00bb||||false|false\u00bb locked=\u00bboff\u00bb global_colors_info=\u00bb{}\u00bb]<\/p>\n<p><strong>Acondicionamiento y Protecci\u00f3n:<\/strong> Finalizamos el proceso con la aplicaci\u00f3n de un acondicionador adecuado para cuero o un protector de telas. Esto no solo mejora la apariencia de la tapicer\u00eda, sino que tambi\u00e9n ofrece una capa de protecci\u00f3n contra futuras manchas y desgaste, manteniendo la tapicer\u00eda fresca y en \u00f3ptimas condiciones por m\u00e1s tiempo.<\/p>\n<p>[\/et_pb_text][\/et_pb_column][\/et_pb_row][et_pb_row _builder_version=\u00bb4.16&#8243; global_colors_info=\u00bb{}\u00bb][et_pb_column type=\u00bb4_4&#8243; _builder_version=\u00bb4.16&#8243; global_colors_info=\u00bb{}\u00bb][et_pb_button button_url=\u00bbhttps:\/\/web.whatsapp.com\/send?phone=604984884&#038;text=Pregunta%20sin%20compromiso%20y%20consigue%20tu%20cita%20previa\u00bb button_text=\u00bbCITA PREVIA\u00bb button_alignment=\u00bbcenter\u00bb _builder_version=\u00bb4.25.1&#8243; button_text_color=\u00bb#000000&#8243; button_bg_color=\u00bb#0eefeb\u00bb button_border_color=\u00bbrgba(0,0,0,0)\u00bb button_border_radius=\u00bb62px\u00bb button_font=\u00bbKanit|700|||||||\u00bb button_use_icon=\u00bboff\u00bb background_layout=\u00bbdark\u00bb custom_margin=\u00bb70px||||false|false\u00bb custom_padding=\u00bb15px|40px|15px|40px|true|true\u00bb locked=\u00bboff\u00bb global_colors_info=\u00bb{}\u00bb transform_styles__hover_enabled=\u00bbon|hover\u00bb transform_scale__hover_enabled=\u00bbon|hover\u00bb transform_translate__hover_enabled=\u00bbon|desktop\u00bb transform_rotate__hover_enabled=\u00bbon|desktop\u00bb transform_skew__hover_enabled=\u00bbon|desktop\u00bb transform_origin__hover_enabled=\u00bbon|desktop\u00bb transform_scale__hover=\u00bb110%|110%\u00bb][\/et_pb_button][\/et_pb_column][\/et_pb_row][\/et_pb_section][et_pb_section fb_built=\u00bb1&#8243; custom_padding_last_edited=\u00bbon|phone\u00bb admin_label=\u00bbAbout\u00bb _builder_version=\u00bb4.25.1&#8243; min_height=\u00bb885.2px\u00bb custom_margin=\u00bb-66px||10px|||\u00bb custom_margin_tablet=\u00bb-66px||10px|||\u00bb custom_margin_phone=\u00bb-44px||-299px||false|false\u00bb custom_margin_last_edited=\u00bbon|phone\u00bb custom_padding=\u00bb0px||0px||false|false\u00bb custom_padding_tablet=\u00bb0px||0px||false|false\u00bb custom_padding_phone=\u00bb98px||45px||false|false\u00bb global_colors_info=\u00bb{}\u00bb][et_pb_row _builder_version=\u00bb4.16&#8243; global_colors_info=\u00bb{}\u00bb][et_pb_column type=\u00bb4_4&#8243; _builder_version=\u00bb4.16&#8243; global_colors_info=\u00bb{}\u00bb][et_pb_image src=\u00bbhttps:\/\/prodetailingspain.com\/wp-content\/uploads\/2024\/08\/tapiceria-4.jpg\u00bb title_text=\u00bbtapiceria 4&#8243; force_fullwidth=\u00bbon\u00bb _builder_version=\u00bb4.25.1&#8243; hover_enabled=\u00bb0&#8243; global_colors_info=\u00bb{}\u00bb box_shadow_style=\u00bbpreset2&#8243; sticky_enabled=\u00bb0&#8243;][\/et_pb_image][\/et_pb_column][\/et_pb_row][\/et_pb_section]<\/p>\n","protected":false},"excerpt":{"rendered":"<p>Limpieza de Tapicer\u00edaPaso a PasoPaso 1Aspirado Profundo: Iniciamos el proceso con un aspirado profundo de toda la tapicer\u00eda, incluyendo asientos, alfombras y zonas de dif\u00edcil acceso. Este paso es crucial para eliminar polvo, tierra y otros residuos superficiales, preparando la superficie para una limpieza m\u00e1s intensiva.Paso 2Tratamiento de Manchas: Aplicamos productos espec\u00edficos para el tratamiento [&hellip;]<\/p>\n","protected":false},"author":2,"featured_media":0,"parent":0,"menu_order":0,"comment_status":"closed","ping_status":"closed","template":"","meta":{"_et_pb_use_builder":"on","_et_pb_old_content":"","_et_gb_content_width":"","footnotes":""},"class_list":["post-450","page","type-page","status-publish","hentry"],"yoast_head":"<!-- This site is optimized with the Yoast SEO plugin v27.6 - https:\/\/yoast.com\/product\/yoast-seo-wordpress\/ -->\n<title>LIMPIEZA DE TAPICER\u00cdA - Web oficial de ProDetailingSpain<\/title>\n<meta name=\"robots\" content=\"index, follow, max-snippet:-1, max-image-preview:large, max-video-preview:-1\" \/>\n<link rel=\"canonical\" href=\"https:\/\/prodetailingspain.com\/?page_id=450\" \/>\n<meta property=\"og:locale\" content=\"es_ES\" \/>\n<meta property=\"og:type\" content=\"article\" \/>\n<meta property=\"og:title\" content=\"LIMPIEZA DE TAPICER\u00cdA - Web oficial de ProDetailingSpain\" \/>\n<meta property=\"og:description\" content=\"Limpieza de Tapicer\u00edaPaso a PasoPaso 1Aspirado Profundo: Iniciamos el proceso con un aspirado profundo de toda la tapicer\u00eda, incluyendo asientos, alfombras y zonas de dif\u00edcil acceso. Este paso es crucial para eliminar polvo, tierra y otros residuos superficiales, preparando la superficie para una limpieza m\u00e1s intensiva.Paso 2Tratamiento de Manchas: Aplicamos productos espec\u00edficos para el tratamiento [&hellip;]\" \/>\n<meta property=\"og:url\" content=\"https:\/\/prodetailingspain.com\/?page_id=450\" \/>\n<meta property=\"og:site_name\" content=\"Web oficial de ProDetailingSpain\" \/>\n<meta property=\"article:modified_time\" content=\"2024-08-13T18:50:06+00:00\" \/>\n<meta name=\"twitter:card\" content=\"summary_large_image\" \/>\n<meta name=\"twitter:label1\" content=\"Tiempo de lectura\" \/>\n\t<meta name=\"twitter:data1\" content=\"7 minutos\" \/>\n<script type=\"application\/ld+json\" class=\"yoast-schema-graph\">{\"@context\":\"https:\\\/\\\/schema.org\",\"@graph\":[{\"@type\":\"WebPage\",\"@id\":\"https:\\\/\\\/prodetailingspain.com\\\/?page_id=450\",\"url\":\"https:\\\/\\\/prodetailingspain.com\\\/?page_id=450\",\"name\":\"LIMPIEZA DE TAPICER\u00cdA - Web oficial de ProDetailingSpain\",\"isPartOf\":{\"@id\":\"https:\\\/\\\/prodetailingspain.com\\\/#website\"},\"datePublished\":\"2024-08-05T18:41:52+00:00\",\"dateModified\":\"2024-08-13T18:50:06+00:00\",\"breadcrumb\":{\"@id\":\"https:\\\/\\\/prodetailingspain.com\\\/?page_id=450#breadcrumb\"},\"inLanguage\":\"es\",\"potentialAction\":[{\"@type\":\"ReadAction\",\"target\":[\"https:\\\/\\\/prodetailingspain.com\\\/?page_id=450\"]}]},{\"@type\":\"BreadcrumbList\",\"@id\":\"https:\\\/\\\/prodetailingspain.com\\\/?page_id=450#breadcrumb\",\"itemListElement\":[{\"@type\":\"ListItem\",\"position\":1,\"name\":\"Inicio\",\"item\":\"https:\\\/\\\/prodetailingspain.com\\\/\"},{\"@type\":\"ListItem\",\"position\":2,\"name\":\"LIMPIEZA DE TAPICER\u00cdA\"}]},{\"@type\":\"WebSite\",\"@id\":\"https:\\\/\\\/prodetailingspain.com\\\/#website\",\"url\":\"https:\\\/\\\/prodetailingspain.com\\\/\",\"name\":\"Prodetailing spain\",\"description\":\"Lavado de coches en Huelva\",\"publisher\":{\"@id\":\"https:\\\/\\\/prodetailingspain.com\\\/#organization\"},\"alternateName\":\"prodetailinspain.com\",\"potentialAction\":[{\"@type\":\"SearchAction\",\"target\":{\"@type\":\"EntryPoint\",\"urlTemplate\":\"https:\\\/\\\/prodetailingspain.com\\\/?s={search_term_string}\"},\"query-input\":{\"@type\":\"PropertyValueSpecification\",\"valueRequired\":true,\"valueName\":\"search_term_string\"}}],\"inLanguage\":\"es\"},{\"@type\":\"Organization\",\"@id\":\"https:\\\/\\\/prodetailingspain.com\\\/#organization\",\"name\":\"Prodetailing spain\",\"alternateName\":\"prodetailingspain.com\",\"url\":\"https:\\\/\\\/prodetailingspain.com\\\/\",\"logo\":{\"@type\":\"ImageObject\",\"inLanguage\":\"es\",\"@id\":\"https:\\\/\\\/prodetailingspain.com\\\/#\\\/schema\\\/logo\\\/image\\\/\",\"url\":\"https:\\\/\\\/prodetailingspain.com\\\/wp-content\\\/uploads\\\/2024\\\/07\\\/prodetailing-definitivo.jpg\",\"contentUrl\":\"https:\\\/\\\/prodetailingspain.com\\\/wp-content\\\/uploads\\\/2024\\\/07\\\/prodetailing-definitivo.jpg\",\"width\":731,\"height\":440,\"caption\":\"Prodetailing spain\"},\"image\":{\"@id\":\"https:\\\/\\\/prodetailingspain.com\\\/#\\\/schema\\\/logo\\\/image\\\/\"}}]}<\/script>\n<!-- \/ Yoast SEO plugin. -->","yoast_head_json":{"title":"LIMPIEZA DE TAPICER\u00cdA - Web oficial de ProDetailingSpain","robots":{"index":"index","follow":"follow","max-snippet":"max-snippet:-1","max-image-preview":"max-image-preview:large","max-video-preview":"max-video-preview:-1"},"canonical":"https:\/\/prodetailingspain.com\/?page_id=450","og_locale":"es_ES","og_type":"article","og_title":"LIMPIEZA DE TAPICER\u00cdA - Web oficial de ProDetailingSpain","og_description":"Limpieza de Tapicer\u00edaPaso a PasoPaso 1Aspirado Profundo: Iniciamos el proceso con un aspirado profundo de toda la tapicer\u00eda, incluyendo asientos, alfombras y zonas de dif\u00edcil acceso. Este paso es crucial para eliminar polvo, tierra y otros residuos superficiales, preparando la superficie para una limpieza m\u00e1s intensiva.Paso 2Tratamiento de Manchas: Aplicamos productos espec\u00edficos para el tratamiento [&hellip;]","og_url":"https:\/\/prodetailingspain.com\/?page_id=450","og_site_name":"Web oficial de ProDetailingSpain","article_modified_time":"2024-08-13T18:50:06+00:00","twitter_card":"summary_large_image","twitter_misc":{"Tiempo de lectura":"7 minutos"},"schema":{"@context":"https:\/\/schema.org","@graph":[{"@type":"WebPage","@id":"https:\/\/prodetailingspain.com\/?page_id=450","url":"https:\/\/prodetailingspain.com\/?page_id=450","name":"LIMPIEZA DE TAPICER\u00cdA - Web oficial de ProDetailingSpain","isPartOf":{"@id":"https:\/\/prodetailingspain.com\/#website"},"datePublished":"2024-08-05T18:41:52+00:00","dateModified":"2024-08-13T18:50:06+00:00","breadcrumb":{"@id":"https:\/\/prodetailingspain.com\/?page_id=450#breadcrumb"},"inLanguage":"es","potentialAction":[{"@type":"ReadAction","target":["https:\/\/prodetailingspain.com\/?page_id=450"]}]},{"@type":"BreadcrumbList","@id":"https:\/\/prodetailingspain.com\/?page_id=450#breadcrumb","itemListElement":[{"@type":"ListItem","position":1,"name":"Inicio","item":"https:\/\/prodetailingspain.com\/"},{"@type":"ListItem","position":2,"name":"LIMPIEZA DE TAPICER\u00cdA"}]},{"@type":"WebSite","@id":"https:\/\/prodetailingspain.com\/#website","url":"https:\/\/prodetailingspain.com\/","name":"Prodetailing spain","description":"Lavado de coches en Huelva","publisher":{"@id":"https:\/\/prodetailingspain.com\/#organization"},"alternateName":"prodetailinspain.com","potentialAction":[{"@type":"SearchAction","target":{"@type":"EntryPoint","urlTemplate":"https:\/\/prodetailingspain.com\/?s={search_term_string}"},"query-input":{"@type":"PropertyValueSpecification","valueRequired":true,"valueName":"search_term_string"}}],"inLanguage":"es"},{"@type":"Organization","@id":"https:\/\/prodetailingspain.com\/#organization","name":"Prodetailing spain","alternateName":"prodetailingspain.com","url":"https:\/\/prodetailingspain.com\/","logo":{"@type":"ImageObject","inLanguage":"es","@id":"https:\/\/prodetailingspain.com\/#\/schema\/logo\/image\/","url":"https:\/\/prodetailingspain.com\/wp-content\/uploads\/2024\/07\/prodetailing-definitivo.jpg","contentUrl":"https:\/\/prodetailingspain.com\/wp-content\/uploads\/2024\/07\/prodetailing-definitivo.jpg","width":731,"height":440,"caption":"Prodetailing spain"},"image":{"@id":"https:\/\/prodetailingspain.com\/#\/schema\/logo\/image\/"}}]}},"_links":{"self":[{"href":"https:\/\/prodetailingspain.com\/index.php?rest_route=\/wp\/v2\/pages\/450","targetHints":{"allow":["GET"]}}],"collection":[{"href":"https:\/\/prodetailingspain.com\/index.php?rest_route=\/wp\/v2\/pages"}],"about":[{"href":"https:\/\/prodetailingspain.com\/index.php?rest_route=\/wp\/v2\/types\/page"}],"author":[{"embeddable":true,"href":"https:\/\/prodetailingspain.com\/index.php?rest_route=\/wp\/v2\/users\/2"}],"replies":[{"embeddable":true,"href":"https:\/\/prodetailingspain.com\/index.php?rest_route=%2Fwp%2Fv2%2Fcomments&post=450"}],"version-history":[{"count":7,"href":"https:\/\/prodetailingspain.com\/index.php?rest_route=\/wp\/v2\/pages\/450\/revisions"}],"predecessor-version":[{"id":592,"href":"https:\/\/prodetailingspain.com\/index.php?rest_route=\/wp\/v2\/pages\/450\/revisions\/592"}],"wp:attachment":[{"href":"https:\/\/prodetailingspain.com\/index.php?rest_route=%2Fwp%2Fv2%2Fmedia&parent=450"}],"curies":[{"name":"wp","href":"https:\/\/api.w.org\/{rel}","templated":true}]}}