{"id":520,"date":"2024-08-08T16:59:38","date_gmt":"2024-08-08T16:59:38","guid":{"rendered":"https:\/\/prodetailingspain.com\/?page_id=520"},"modified":"2024-08-13T18:48:19","modified_gmt":"2024-08-13T18:48:19","slug":"descontaminacion-con-ozono","status":"publish","type":"page","link":"https:\/\/prodetailingspain.com\/?page_id=520","title":{"rendered":"DESCONTAMINACI\u00d3N CON OZONO"},"content":{"rendered":"<p>[et_pb_section fb_built=\u00bb1&#8243; admin_label=\u00bbHeader\u00bb _builder_version=\u00bb4.25.1&#8243; use_background_color_gradient=\u00bbon\u00bb background_image=\u00bbhttps:\/\/prodetailingspain.com\/wp-content\/uploads\/2024\/08\/pixelcut-export-2.jpeg\u00bb parallax=\u00bbon\u00bb background_blend=\u00bbdarken\u00bb min_height=\u00bb484.9px\u00bb custom_margin=\u00bb||65px|||\u00bb custom_padding=\u00bb5vw||||false|false\u00bb bottom_divider_style=\u00bbarrow2&#8243; bottom_divider_color=\u00bb#0ef4e1&#8243; locked=\u00bboff\u00bb global_colors_info=\u00bb{}\u00bb][et_pb_row column_structure=\u00bb3_5,2_5&#8243; _builder_version=\u00bb4.25.1&#8243; global_colors_info=\u00bb{}\u00bb][et_pb_column type=\u00bb3_5&#8243; _builder_version=\u00bb4.16&#8243; global_colors_info=\u00bb{}\u00bb][et_pb_text _builder_version=\u00bb4.25.1&#8243; text_font_size=\u00bb16px\u00bb text_line_height=\u00bb1.8em\u00bb header_font=\u00bbKanit|700|||||||\u00bb header_text_color=\u00bb#FFFFFF\u00bb header_font_size=\u00bb62px\u00bb max_width=\u00bb550px\u00bb custom_margin=\u00bb|-139px||||\u00bb header_font_size_tablet=\u00bb60px\u00bb header_font_size_phone=\u00bb42px\u00bb header_font_size_last_edited=\u00bbon|phone\u00bb header_text_shadow_style=\u00bbpreset1&#8243; locked=\u00bboff\u00bb global_colors_info=\u00bb{}\u00bb]<\/p>\n<h1>Descontaminaci\u00f3n con Ozono<\/h1>\n<p>[\/et_pb_text][et_pb_divider color=\u00bb#0ffcf0&#8243; _builder_version=\u00bb4.25.1&#8243; _module_preset=\u00bbdefault\u00bb global_colors_info=\u00bb{}\u00bb][\/et_pb_divider][\/et_pb_column][et_pb_column type=\u00bb2_5&#8243; _builder_version=\u00bb4.16&#8243; global_colors_info=\u00bb{}\u00bb][et_pb_button button_url=\u00bbhttps:\/\/web.whatsapp.com\/send?phone=604984884&#038;text=Pregunta%20sin%20compromiso%20y%20consigue%20tu%20cita%20previa\u00bb button_text=\u00bbCITA PREVIA\u00bb button_alignment=\u00bbcenter\u00bb _builder_version=\u00bb4.25.1&#8243; button_text_color=\u00bb#000000&#8243; button_bg_color=\u00bb#0eefeb\u00bb button_border_color=\u00bbrgba(0,0,0,0)\u00bb button_border_radius=\u00bb62px\u00bb button_font=\u00bbKanit|700|||||||\u00bb button_use_icon=\u00bboff\u00bb background_layout=\u00bbdark\u00bb custom_margin=\u00bb70px||||false|false\u00bb custom_padding=\u00bb15px|40px|15px|40px|true|true\u00bb locked=\u00bboff\u00bb global_colors_info=\u00bb{}\u00bb transform_styles__hover_enabled=\u00bbon|hover\u00bb transform_scale__hover_enabled=\u00bbon|hover\u00bb transform_translate__hover_enabled=\u00bbon|desktop\u00bb transform_rotate__hover_enabled=\u00bbon|desktop\u00bb transform_skew__hover_enabled=\u00bbon|desktop\u00bb transform_origin__hover_enabled=\u00bbon|desktop\u00bb transform_scale__hover=\u00bb110%|110%\u00bb][\/et_pb_button][\/et_pb_column][\/et_pb_row][\/et_pb_section][et_pb_section fb_built=\u00bb1&#8243; admin_label=\u00bbHow It Works\u00bb _builder_version=\u00bb4.16&#8243; custom_margin=\u00bb-66px|||||\u00bb global_colors_info=\u00bb{}\u00bb][et_pb_row _builder_version=\u00bb4.16&#8243; global_colors_info=\u00bb{}\u00bb][et_pb_column type=\u00bb4_4&#8243; _builder_version=\u00bb4.16&#8243; global_colors_info=\u00bb{}\u00bb][et_pb_text _builder_version=\u00bb4.16&#8243; header_2_font=\u00bbKanit|700|||||||\u00bb header_2_text_align=\u00bbcenter\u00bb header_2_font_size=\u00bb48px\u00bb header_2_line_height=\u00bb1.2em\u00bb module_alignment=\u00bbcenter\u00bb header_2_font_size_tablet=\u00bb\u00bb header_2_font_size_phone=\u00bb30px\u00bb header_2_font_size_last_edited=\u00bbon|phone\u00bb locked=\u00bboff\u00bb global_colors_info=\u00bb{}\u00bb]<\/p>\n<h2>Paso a Paso<\/h2>\n<p>[\/et_pb_text][\/et_pb_column][\/et_pb_row][et_pb_row column_structure=\u00bb1_4,3_4&#8243; _builder_version=\u00bb4.25.1&#8243; custom_padding=\u00bb|30px||30px|false|true\u00bb scroll_horizontal_motion_enable=\u00bbon\u00bb scroll_horizontal_motion=\u00bb0|50|50|100|1|0|0&#8243; global_colors_info=\u00bb{}\u00bb][et_pb_column type=\u00bb1_4&#8243; _builder_version=\u00bb4.25.1&#8243; global_colors_info=\u00bb{}\u00bb][et_pb_text _builder_version=\u00bb4.25.1&#8243; header_font=\u00bbKanit||||||||\u00bb header_text_color=\u00bb#0ef4f0&#8243; header_3_font=\u00bbKanit|700|||||||\u00bb header_3_text_color=\u00bb#00f4d0&#8243; header_3_font_size=\u00bb48px\u00bb header_3_line_height=\u00bb1.2em\u00bb header_3_font_size_tablet=\u00bb\u00bb header_3_font_size_phone=\u00bb30px\u00bb header_3_font_size_last_edited=\u00bbon|phone\u00bb global_colors_info=\u00bb{}\u00bb]<\/p>\n<h3>Paso 1<\/h3>\n<p>[\/et_pb_text][\/et_pb_column][et_pb_column type=\u00bb3_4&#8243; _builder_version=\u00bb4.25.1&#8243; global_colors_info=\u00bb{}\u00bb][et_pb_text _builder_version=\u00bb4.25.1&#8243; text_font_size=\u00bb16px\u00bb text_line_height=\u00bb1.8em\u00bb custom_padding=\u00bb||||false|false\u00bb locked=\u00bboff\u00bb global_colors_info=\u00bb{}\u00bb]<\/p>\n<p><strong>Preparaci\u00f3n del Veh\u00edculo:<\/strong> Antes de iniciar el tratamiento, aseguramos que el interior del veh\u00edculo est\u00e9 limpio y libre de objetos personales y residuos importantes. Aspiramos a fondo todas las superficies interiores, incluyendo asientos, alfombras y \u00e1reas de dif\u00edcil acceso para maximizar la eficacia del ozono.<\/p>\n<p>[\/et_pb_text][\/et_pb_column][\/et_pb_row][et_pb_row column_structure=\u00bb1_4,3_4&#8243; _builder_version=\u00bb4.16&#8243; background_color=\u00bbrgba(0,0,0,0.03)\u00bb custom_padding=\u00bb|30px||30px|false|true\u00bb scroll_horizontal_motion_enable=\u00bbon\u00bb scroll_horizontal_motion=\u00bb0|50|50|100|1|0|0&#8243; global_colors_info=\u00bb{}\u00bb][et_pb_column type=\u00bb1_4&#8243; _builder_version=\u00bb4.16&#8243; global_colors_info=\u00bb{}\u00bb][et_pb_text _builder_version=\u00bb4.25.1&#8243; header_3_font=\u00bbKanit|700|||||||\u00bb header_3_text_color=\u00bb#00f4d0&#8243; header_3_font_size=\u00bb48px\u00bb header_3_line_height=\u00bb1.2em\u00bb header_3_font_size_tablet=\u00bb\u00bb header_3_font_size_phone=\u00bb30px\u00bb header_3_font_size_last_edited=\u00bbon|phone\u00bb global_colors_info=\u00bb{}\u00bb]<\/p>\n<h3>Paso 2<\/h3>\n<p>[\/et_pb_text][\/et_pb_column][et_pb_column type=\u00bb3_4&#8243; _builder_version=\u00bb4.16&#8243; global_colors_info=\u00bb{}\u00bb][et_pb_text _builder_version=\u00bb4.25.1&#8243; text_font_size=\u00bb16px\u00bb text_line_height=\u00bb1.8em\u00bb custom_padding=\u00bb||||false|false\u00bb locked=\u00bboff\u00bb global_colors_info=\u00bb{}\u00bb]<\/p>\n<p><strong>Sellado y Aislamiento:<\/strong> Cerramos todas las ventanas y puertas del veh\u00edculo para crear un entorno cerrado. Esto es crucial para que el ozono pueda concentrarse y actuar eficazmente dentro del espacio confinado del veh\u00edculo, asegurando una descontaminaci\u00f3n uniforme.<\/p>\n<p>[\/et_pb_text][\/et_pb_column][\/et_pb_row][et_pb_row column_structure=\u00bb1_4,3_4&#8243; _builder_version=\u00bb4.16&#8243; custom_padding=\u00bb|30px||30px|false|true\u00bb scroll_horizontal_motion_enable=\u00bbon\u00bb scroll_horizontal_motion=\u00bb0|50|50|100|1|0|0&#8243; global_colors_info=\u00bb{}\u00bb][et_pb_column type=\u00bb1_4&#8243; _builder_version=\u00bb4.16&#8243; global_colors_info=\u00bb{}\u00bb][et_pb_text _builder_version=\u00bb4.25.1&#8243; header_3_font=\u00bbKanit|700|||||||\u00bb header_3_text_color=\u00bb#00f4d0&#8243; header_3_font_size=\u00bb48px\u00bb header_3_line_height=\u00bb1.2em\u00bb header_3_font_size_tablet=\u00bb\u00bb header_3_font_size_phone=\u00bb30px\u00bb header_3_font_size_last_edited=\u00bbon|phone\u00bb global_colors_info=\u00bb{}\u00bb]<\/p>\n<h3>Paso 3<\/h3>\n<p>[\/et_pb_text][\/et_pb_column][et_pb_column type=\u00bb3_4&#8243; _builder_version=\u00bb4.16&#8243; global_colors_info=\u00bb{}\u00bb][et_pb_text _builder_version=\u00bb4.25.1&#8243; text_font_size=\u00bb16px\u00bb text_line_height=\u00bb1.8em\u00bb custom_padding=\u00bb||||false|false\u00bb locked=\u00bboff\u00bb global_colors_info=\u00bb{}\u00bb]<\/p>\n<p><strong>Aplicaci\u00f3n de Ozono:<\/strong> Colocamos un generador de ozono dentro del veh\u00edculo, configur\u00e1ndolo para operar durante un per\u00edodo espec\u00edfico seg\u00fan el tama\u00f1o y las necesidades del veh\u00edculo. El ozono circula a trav\u00e9s del sistema de ventilaci\u00f3n, eliminando bacterias, virus, moho y otros microorganismos, as\u00ed como neutralizando olores no deseados.<\/p>\n<p>[\/et_pb_text][\/et_pb_column][\/et_pb_row][et_pb_row column_structure=\u00bb1_4,3_4&#8243; _builder_version=\u00bb4.16&#8243; background_color=\u00bbrgba(0,0,0,0.03)\u00bb custom_padding=\u00bb|30px||30px|false|true\u00bb scroll_horizontal_motion_enable=\u00bbon\u00bb scroll_horizontal_motion=\u00bb0|50|50|100|1|0|0&#8243; global_colors_info=\u00bb{}\u00bb][et_pb_column type=\u00bb1_4&#8243; _builder_version=\u00bb4.16&#8243; global_colors_info=\u00bb{}\u00bb][et_pb_text _builder_version=\u00bb4.25.1&#8243; header_3_font=\u00bbKanit|700|||||||\u00bb header_3_text_color=\u00bb#00f4d0&#8243; header_3_font_size=\u00bb48px\u00bb header_3_line_height=\u00bb1.2em\u00bb header_3_font_size_tablet=\u00bb\u00bb header_3_font_size_phone=\u00bb30px\u00bb header_3_font_size_last_edited=\u00bbon|phone\u00bb global_colors_info=\u00bb{}\u00bb]<\/p>\n<h3>Paso 4<\/h3>\n<p>[\/et_pb_text][\/et_pb_column][et_pb_column type=\u00bb3_4&#8243; _builder_version=\u00bb4.16&#8243; global_colors_info=\u00bb{}\u00bb][et_pb_text _builder_version=\u00bb4.25.1&#8243; text_font_size=\u00bb16px\u00bb text_line_height=\u00bb1.8em\u00bb custom_padding=\u00bb||||false|false\u00bb locked=\u00bboff\u00bb global_colors_info=\u00bb{}\u00bb]<\/p>\n<p><strong>Ventilaci\u00f3n y Control de Calidad:<\/strong> Una vez completado el tratamiento, ventilamos completamente el veh\u00edculo para asegurar que cualquier resto de ozono se disipe de forma segura. Realizamos una inspecci\u00f3n final para verificar la efectividad del tratamiento y asegurarnos de que el interior est\u00e9 fresco y libre de olores.<\/p>\n<p>[\/et_pb_text][\/et_pb_column][\/et_pb_row][et_pb_row _builder_version=\u00bb4.16&#8243; global_colors_info=\u00bb{}\u00bb][et_pb_column type=\u00bb4_4&#8243; _builder_version=\u00bb4.16&#8243; global_colors_info=\u00bb{}\u00bb][et_pb_button button_url=\u00bbhttps:\/\/web.whatsapp.com\/send?phone=604984884&#038;text=Pregunta%20sin%20compromiso%20y%20consigue%20tu%20cita%20previa\u00bb button_text=\u00bbCITA PREVIA\u00bb button_alignment=\u00bbcenter\u00bb _builder_version=\u00bb4.25.1&#8243; button_text_color=\u00bb#000000&#8243; button_bg_color=\u00bb#0eefeb\u00bb button_border_color=\u00bbrgba(0,0,0,0)\u00bb button_border_radius=\u00bb62px\u00bb button_font=\u00bbKanit|700|||||||\u00bb button_use_icon=\u00bboff\u00bb background_layout=\u00bbdark\u00bb custom_margin=\u00bb70px||||false|false\u00bb custom_padding=\u00bb15px|40px|15px|40px|true|true\u00bb locked=\u00bboff\u00bb global_colors_info=\u00bb{}\u00bb transform_styles__hover_enabled=\u00bbon|hover\u00bb transform_scale__hover_enabled=\u00bbon|hover\u00bb transform_translate__hover_enabled=\u00bbon|desktop\u00bb transform_rotate__hover_enabled=\u00bbon|desktop\u00bb transform_skew__hover_enabled=\u00bbon|desktop\u00bb transform_origin__hover_enabled=\u00bbon|desktop\u00bb transform_scale__hover=\u00bb110%|110%\u00bb][\/et_pb_button][\/et_pb_column][\/et_pb_row][\/et_pb_section][et_pb_section fb_built=\u00bb1&#8243; admin_label=\u00bbAbout\u00bb _builder_version=\u00bb4.25.1&#8243; min_height=\u00bb885.2px\u00bb custom_margin=\u00bb-66px||10px|||\u00bb hover_enabled=\u00bb0&#8243; global_colors_info=\u00bb{}\u00bb custom_margin_last_edited=\u00bbon|phone\u00bb custom_padding_last_edited=\u00bbon|phone\u00bb custom_margin_phone=\u00bb-4px||-330px||false|false\u00bb sticky_enabled=\u00bb0&#8243; custom_margin_tablet=\u00bb-66px||10px|||\u00bb][et_pb_row _builder_version=\u00bb4.25.1&#8243; hover_enabled=\u00bb0&#8243; global_colors_info=\u00bb{}\u00bb sticky_enabled=\u00bb0&#8243;][et_pb_column type=\u00bb4_4&#8243; _builder_version=\u00bb4.16&#8243; global_colors_info=\u00bb{}\u00bb][et_pb_image src=\u00bbhttps:\/\/prodetailingspain.com\/wp-content\/uploads\/2024\/08\/pixelcut-export-3-scaled.jpeg\u00bb title_text=\u00bbpixelcut-export (3)\u00bb force_fullwidth=\u00bbon\u00bb _builder_version=\u00bb4.25.1&#8243; hover_enabled=\u00bb0&#8243; global_colors_info=\u00bb{}\u00bb box_shadow_style=\u00bbpreset2&#8243; sticky_enabled=\u00bb0&#8243;][\/et_pb_image][\/et_pb_column][\/et_pb_row][\/et_pb_section]<\/p>\n","protected":false},"excerpt":{"rendered":"<p>Descontaminaci\u00f3n con OzonoPaso a PasoPaso 1Preparaci\u00f3n del Veh\u00edculo: Antes de iniciar el tratamiento, aseguramos que el interior del veh\u00edculo est\u00e9 limpio y libre de objetos personales y residuos importantes. Aspiramos a fondo todas las superficies interiores, incluyendo asientos, alfombras y \u00e1reas de dif\u00edcil acceso para maximizar la eficacia del ozono.Paso 2Sellado y Aislamiento: Cerramos todas [&hellip;]<\/p>\n","protected":false},"author":2,"featured_media":0,"parent":0,"menu_order":0,"comment_status":"closed","ping_status":"closed","template":"","meta":{"_et_pb_use_builder":"on","_et_pb_old_content":"","_et_gb_content_width":"","footnotes":""},"class_list":["post-520","page","type-page","status-publish","hentry"],"yoast_head":"<!-- This site is optimized with the Yoast SEO plugin v27.6 - https:\/\/yoast.com\/product\/yoast-seo-wordpress\/ -->\n<title>DESCONTAMINACI\u00d3N CON OZONO - Web oficial de ProDetailingSpain<\/title>\n<meta name=\"robots\" content=\"index, follow, max-snippet:-1, max-image-preview:large, max-video-preview:-1\" \/>\n<link rel=\"canonical\" href=\"https:\/\/prodetailingspain.com\/?page_id=520\" \/>\n<meta property=\"og:locale\" content=\"es_ES\" \/>\n<meta property=\"og:type\" content=\"article\" \/>\n<meta property=\"og:title\" content=\"DESCONTAMINACI\u00d3N CON OZONO - Web oficial de ProDetailingSpain\" \/>\n<meta property=\"og:description\" content=\"Descontaminaci\u00f3n con OzonoPaso a PasoPaso 1Preparaci\u00f3n del Veh\u00edculo: Antes de iniciar el tratamiento, aseguramos que el interior del veh\u00edculo est\u00e9 limpio y libre de objetos personales y residuos importantes. Aspiramos a fondo todas las superficies interiores, incluyendo asientos, alfombras y \u00e1reas de dif\u00edcil acceso para maximizar la eficacia del ozono.Paso 2Sellado y Aislamiento: Cerramos todas [&hellip;]\" \/>\n<meta property=\"og:url\" content=\"https:\/\/prodetailingspain.com\/?page_id=520\" \/>\n<meta property=\"og:site_name\" content=\"Web oficial de ProDetailingSpain\" \/>\n<meta property=\"article:modified_time\" content=\"2024-08-13T18:48:19+00:00\" \/>\n<meta name=\"twitter:card\" content=\"summary_large_image\" \/>\n<meta name=\"twitter:label1\" content=\"Tiempo de lectura\" \/>\n\t<meta name=\"twitter:data1\" content=\"7 minutos\" \/>\n<script type=\"application\/ld+json\" class=\"yoast-schema-graph\">{\"@context\":\"https:\\\/\\\/schema.org\",\"@graph\":[{\"@type\":\"WebPage\",\"@id\":\"https:\\\/\\\/prodetailingspain.com\\\/?page_id=520\",\"url\":\"https:\\\/\\\/prodetailingspain.com\\\/?page_id=520\",\"name\":\"DESCONTAMINACI\u00d3N CON OZONO - Web oficial de ProDetailingSpain\",\"isPartOf\":{\"@id\":\"https:\\\/\\\/prodetailingspain.com\\\/#website\"},\"datePublished\":\"2024-08-08T16:59:38+00:00\",\"dateModified\":\"2024-08-13T18:48:19+00:00\",\"breadcrumb\":{\"@id\":\"https:\\\/\\\/prodetailingspain.com\\\/?page_id=520#breadcrumb\"},\"inLanguage\":\"es\",\"potentialAction\":[{\"@type\":\"ReadAction\",\"target\":[\"https:\\\/\\\/prodetailingspain.com\\\/?page_id=520\"]}]},{\"@type\":\"BreadcrumbList\",\"@id\":\"https:\\\/\\\/prodetailingspain.com\\\/?page_id=520#breadcrumb\",\"itemListElement\":[{\"@type\":\"ListItem\",\"position\":1,\"name\":\"Inicio\",\"item\":\"https:\\\/\\\/prodetailingspain.com\\\/\"},{\"@type\":\"ListItem\",\"position\":2,\"name\":\"DESCONTAMINACI\u00d3N CON OZONO\"}]},{\"@type\":\"WebSite\",\"@id\":\"https:\\\/\\\/prodetailingspain.com\\\/#website\",\"url\":\"https:\\\/\\\/prodetailingspain.com\\\/\",\"name\":\"Prodetailing spain\",\"description\":\"Lavado de coches en Huelva\",\"publisher\":{\"@id\":\"https:\\\/\\\/prodetailingspain.com\\\/#organization\"},\"alternateName\":\"prodetailinspain.com\",\"potentialAction\":[{\"@type\":\"SearchAction\",\"target\":{\"@type\":\"EntryPoint\",\"urlTemplate\":\"https:\\\/\\\/prodetailingspain.com\\\/?s={search_term_string}\"},\"query-input\":{\"@type\":\"PropertyValueSpecification\",\"valueRequired\":true,\"valueName\":\"search_term_string\"}}],\"inLanguage\":\"es\"},{\"@type\":\"Organization\",\"@id\":\"https:\\\/\\\/prodetailingspain.com\\\/#organization\",\"name\":\"Prodetailing spain\",\"alternateName\":\"prodetailingspain.com\",\"url\":\"https:\\\/\\\/prodetailingspain.com\\\/\",\"logo\":{\"@type\":\"ImageObject\",\"inLanguage\":\"es\",\"@id\":\"https:\\\/\\\/prodetailingspain.com\\\/#\\\/schema\\\/logo\\\/image\\\/\",\"url\":\"https:\\\/\\\/prodetailingspain.com\\\/wp-content\\\/uploads\\\/2024\\\/07\\\/prodetailing-definitivo.jpg\",\"contentUrl\":\"https:\\\/\\\/prodetailingspain.com\\\/wp-content\\\/uploads\\\/2024\\\/07\\\/prodetailing-definitivo.jpg\",\"width\":731,\"height\":440,\"caption\":\"Prodetailing spain\"},\"image\":{\"@id\":\"https:\\\/\\\/prodetailingspain.com\\\/#\\\/schema\\\/logo\\\/image\\\/\"}}]}<\/script>\n<!-- \/ Yoast SEO plugin. -->","yoast_head_json":{"title":"DESCONTAMINACI\u00d3N CON OZONO - Web oficial de ProDetailingSpain","robots":{"index":"index","follow":"follow","max-snippet":"max-snippet:-1","max-image-preview":"max-image-preview:large","max-video-preview":"max-video-preview:-1"},"canonical":"https:\/\/prodetailingspain.com\/?page_id=520","og_locale":"es_ES","og_type":"article","og_title":"DESCONTAMINACI\u00d3N CON OZONO - Web oficial de ProDetailingSpain","og_description":"Descontaminaci\u00f3n con OzonoPaso a PasoPaso 1Preparaci\u00f3n del Veh\u00edculo: Antes de iniciar el tratamiento, aseguramos que el interior del veh\u00edculo est\u00e9 limpio y libre de objetos personales y residuos importantes. Aspiramos a fondo todas las superficies interiores, incluyendo asientos, alfombras y \u00e1reas de dif\u00edcil acceso para maximizar la eficacia del ozono.Paso 2Sellado y Aislamiento: Cerramos todas [&hellip;]","og_url":"https:\/\/prodetailingspain.com\/?page_id=520","og_site_name":"Web oficial de ProDetailingSpain","article_modified_time":"2024-08-13T18:48:19+00:00","twitter_card":"summary_large_image","twitter_misc":{"Tiempo de lectura":"7 minutos"},"schema":{"@context":"https:\/\/schema.org","@graph":[{"@type":"WebPage","@id":"https:\/\/prodetailingspain.com\/?page_id=520","url":"https:\/\/prodetailingspain.com\/?page_id=520","name":"DESCONTAMINACI\u00d3N CON OZONO - Web oficial de ProDetailingSpain","isPartOf":{"@id":"https:\/\/prodetailingspain.com\/#website"},"datePublished":"2024-08-08T16:59:38+00:00","dateModified":"2024-08-13T18:48:19+00:00","breadcrumb":{"@id":"https:\/\/prodetailingspain.com\/?page_id=520#breadcrumb"},"inLanguage":"es","potentialAction":[{"@type":"ReadAction","target":["https:\/\/prodetailingspain.com\/?page_id=520"]}]},{"@type":"BreadcrumbList","@id":"https:\/\/prodetailingspain.com\/?page_id=520#breadcrumb","itemListElement":[{"@type":"ListItem","position":1,"name":"Inicio","item":"https:\/\/prodetailingspain.com\/"},{"@type":"ListItem","position":2,"name":"DESCONTAMINACI\u00d3N CON OZONO"}]},{"@type":"WebSite","@id":"https:\/\/prodetailingspain.com\/#website","url":"https:\/\/prodetailingspain.com\/","name":"Prodetailing spain","description":"Lavado de coches en Huelva","publisher":{"@id":"https:\/\/prodetailingspain.com\/#organization"},"alternateName":"prodetailinspain.com","potentialAction":[{"@type":"SearchAction","target":{"@type":"EntryPoint","urlTemplate":"https:\/\/prodetailingspain.com\/?s={search_term_string}"},"query-input":{"@type":"PropertyValueSpecification","valueRequired":true,"valueName":"search_term_string"}}],"inLanguage":"es"},{"@type":"Organization","@id":"https:\/\/prodetailingspain.com\/#organization","name":"Prodetailing spain","alternateName":"prodetailingspain.com","url":"https:\/\/prodetailingspain.com\/","logo":{"@type":"ImageObject","inLanguage":"es","@id":"https:\/\/prodetailingspain.com\/#\/schema\/logo\/image\/","url":"https:\/\/prodetailingspain.com\/wp-content\/uploads\/2024\/07\/prodetailing-definitivo.jpg","contentUrl":"https:\/\/prodetailingspain.com\/wp-content\/uploads\/2024\/07\/prodetailing-definitivo.jpg","width":731,"height":440,"caption":"Prodetailing spain"},"image":{"@id":"https:\/\/prodetailingspain.com\/#\/schema\/logo\/image\/"}}]}},"_links":{"self":[{"href":"https:\/\/prodetailingspain.com\/index.php?rest_route=\/wp\/v2\/pages\/520","targetHints":{"allow":["GET"]}}],"collection":[{"href":"https:\/\/prodetailingspain.com\/index.php?rest_route=\/wp\/v2\/pages"}],"about":[{"href":"https:\/\/prodetailingspain.com\/index.php?rest_route=\/wp\/v2\/types\/page"}],"author":[{"embeddable":true,"href":"https:\/\/prodetailingspain.com\/index.php?rest_route=\/wp\/v2\/users\/2"}],"replies":[{"embeddable":true,"href":"https:\/\/prodetailingspain.com\/index.php?rest_route=%2Fwp%2Fv2%2Fcomments&post=520"}],"version-history":[{"count":5,"href":"https:\/\/prodetailingspain.com\/index.php?rest_route=\/wp\/v2\/pages\/520\/revisions"}],"predecessor-version":[{"id":590,"href":"https:\/\/prodetailingspain.com\/index.php?rest_route=\/wp\/v2\/pages\/520\/revisions\/590"}],"wp:attachment":[{"href":"https:\/\/prodetailingspain.com\/index.php?rest_route=%2Fwp%2Fv2%2Fmedia&parent=520"}],"curies":[{"name":"wp","href":"https:\/\/api.w.org\/{rel}","templated":true}]}}